{"id":987780,"date":"2022-01-17T15:02:14","date_gmt":"2022-01-17T15:02:14","guid":{"rendered":"https:\/\/domainedelatour.org\/?page_id=987780"},"modified":"2022-02-23T13:01:50","modified_gmt":"2022-02-23T13:01:50","slug":"le-caveau","status":"publish","type":"page","link":"https:\/\/domainedelatour.org\/en\/le-caveau\/","title":{"rendered":"Wine shop &amp; contact"},"content":{"rendered":"<div data-elementor-type=\"wp-page\" data-elementor-id=\"987780\" class=\"elementor elementor-987780\" data-elementor-post-type=\"page\">\n\t\t\t\t\t\t<section class=\"elementor-section elementor-top-section elementor-element elementor-element-09bb324 elementor-section-boxed elementor-section-height-default elementor-section-height-default\" data-id=\"09bb324\" data-element_type=\"section\">\n\t\t\t\t\t\t<div class=\"elementor-container elementor-column-gap-default\">\n\t\t\t\t\t<div class=\"elementor-column elementor-col-100 elementor-top-column elementor-element elementor-element-331e88e\" data-id=\"331e88e\" data-element_type=\"column\">\n\t\t\t<div class=\"elementor-widget-wrap elementor-element-populated\">\n\t\t\t\t\t\t<div class=\"elementor-element elementor-element-2421e4a elementor-widget elementor-widget-image\" data-id=\"2421e4a\" data-element_type=\"widget\" data-widget_type=\"image.default\">\n\t\t\t\t<div class=\"elementor-widget-container\">\n\t\t\t\t\t\t\t\t\t\t\t\t\t<img fetchpriority=\"high\" decoding=\"async\" width=\"300\" height=\"300\" src=\"https:\/\/domainedelatour.org\/wp-content\/uploads\/2022\/01\/Fichier-1-1.svg\" class=\"attachment-medium size-medium wp-image-987761\" alt=\"\" srcset=\"https:\/\/domainedelatour.org\/wp-content\/uploads\/\/2022\/01\/Fichier-1-1.svg 150w, https:\/\/domainedelatour.org\/wp-content\/uploads\/\/2022\/01\/Fichier-1-1.svg 300w, https:\/\/domainedelatour.org\/wp-content\/uploads\/\/2022\/01\/Fichier-1-1.svg 1024w\" sizes=\"(max-width: 300px) 100vw, 300px\" \/>\t\t\t\t\t\t\t\t\t\t\t\t\t<\/div>\n\t\t\t\t<\/div>\n\t\t\t\t<div class=\"elementor-element elementor-element-fc4eadc elementor-widget elementor-widget-heading\" data-id=\"fc4eadc\" data-element_type=\"widget\" data-widget_type=\"heading.default\">\n\t\t\t\t<div class=\"elementor-widget-container\">\n\t\t\t<h1 class=\"elementor-heading-title elementor-size-default\">Wine shop &amp; contact<\/h1>\t\t<\/div>\n\t\t\t\t<\/div>\n\t\t\t\t\t<\/div>\n\t\t<\/div>\n\t\t\t\t\t<\/div>\n\t\t<\/section>\n\t\t\t\t<section class=\"elementor-section elementor-top-section elementor-element elementor-element-c456f3a elementor-section-boxed elementor-section-height-default elementor-section-height-default\" data-id=\"c456f3a\" data-element_type=\"section\">\n\t\t\t\t\t\t<div class=\"elementor-container elementor-column-gap-default\">\n\t\t\t\t\t<div class=\"elementor-column elementor-col-50 elementor-top-column elementor-element elementor-element-1ad59ec\" data-id=\"1ad59ec\" data-element_type=\"column\" data-settings=\"{&quot;background_background&quot;:&quot;classic&quot;}\">\n\t\t\t<div class=\"elementor-widget-wrap elementor-element-populated\">\n\t\t\t\t\t\t<div class=\"elementor-element elementor-element-0cff6cc elementor-invisible elementor-widget elementor-widget-heading\" data-id=\"0cff6cc\" data-element_type=\"widget\" data-settings=\"{&quot;_animation&quot;:&quot;fadeIn&quot;,&quot;_animation_delay&quot;:&quot;200&quot;}\" data-widget_type=\"heading.default\">\n\t\t\t\t<div class=\"elementor-widget-container\">\n\t\t\t<span class=\"elementor-heading-title elementor-size-default\">visit<\/span>\t\t<\/div>\n\t\t\t\t<\/div>\n\t\t\t\t<div class=\"elementor-element elementor-element-86b548a elementor-widget elementor-widget-heading\" data-id=\"86b548a\" data-element_type=\"widget\" data-widget_type=\"heading.default\">\n\t\t\t\t<div class=\"elementor-widget-container\">\n\t\t\t<h2 class=\"elementor-heading-title elementor-size-default\">The Wine Shop<\/h2>\t\t<\/div>\n\t\t\t\t<\/div>\n\t\t\t\t<div class=\"elementor-element elementor-element-d83dcf8 elementor-widget elementor-widget-text-editor\" data-id=\"d83dcf8\" data-element_type=\"widget\" data-widget_type=\"text-editor.default\">\n\t\t\t\t<div class=\"elementor-widget-container\">\n\t\t\t\t\t\t\t<p>During your visit to the estate, in the vault at the foot of the square keep, the Guibal family will be happy to share their passion with you and have you taste their wines.<\/p><p>NB: For the groups of more than 20 people, we advise to book an appointment in advance, in order for us to organize your visit at is best.<\/p>\t\t\t\t\t\t<\/div>\n\t\t\t\t<\/div>\n\t\t\t\t<div class=\"elementor-element elementor-element-6501e5e elementor-widget elementor-widget-text-editor\" data-id=\"6501e5e\" data-element_type=\"widget\" data-widget_type=\"text-editor.default\">\n\t\t\t\t<div class=\"elementor-widget-container\">\n\t\t\t\t\t\t\t<h3>Hours of operation<\/h3><p><strong>From Monday to Friday<br \/><\/strong>From 9:00 a.m. to 12:00 p.m. and from 2:00 p.m. to 6:00 p.m.<\/p><p><strong>The Saturday<br \/><\/strong>From 9:00 a.m. to 12:00 p.m.<\/p><p><strong>Sunday and Holidays<br \/><\/strong>Close<\/p>\t\t\t\t\t\t<\/div>\n\t\t\t\t<\/div>\n\t\t\t\t\t<\/div>\n\t\t<\/div>\n\t\t\t\t<div class=\"elementor-column elementor-col-50 elementor-top-column elementor-element elementor-element-bd7ea74 animated-slow elementor-invisible\" data-id=\"bd7ea74\" data-element_type=\"column\" data-settings=\"{&quot;animation&quot;:&quot;fadeIn&quot;}\">\n\t\t\t<div class=\"elementor-widget-wrap elementor-element-populated\">\n\t\t\t\t\t\t<div class=\"elementor-element elementor-element-5eb0f48 elementor-invisible elementor-widget elementor-widget-image\" data-id=\"5eb0f48\" data-element_type=\"widget\" data-settings=\"{&quot;_animation&quot;:&quot;imageGrowWithScaleLeft&quot;}\" data-widget_type=\"image.default\">\n\t\t\t\t<div class=\"elementor-widget-container\">\n\t\t\t\t\t\t\t\t\t\t\t\t\t<img decoding=\"async\" src=\"https:\/\/domainedelatour.org\/wp-content\/uploads\/elementor\/thumbs\/gl_20141215144537.771-3356234321-1024x683-1-pj5749664q56b5redep6tq5970kdvsiu0flvl4gtic.jpg\" title=\"gl_20141215144537.771-3356234321-1024&#215;683\" alt=\"gl_20141215144537.771-3356234321-1024x683\" loading=\"lazy\" \/>\t\t\t\t\t\t\t\t\t\t\t\t\t<\/div>\n\t\t\t\t<\/div>\n\t\t\t\t\t<\/div>\n\t\t<\/div>\n\t\t\t\t\t<\/div>\n\t\t<\/section>\n\t\t\t\t<section class=\"elementor-section elementor-top-section elementor-element elementor-element-54da41d elementor-section-full_width elementor-section-stretched elementor-section-height-default elementor-section-height-default\" data-id=\"54da41d\" data-element_type=\"section\" data-settings=\"{&quot;stretch_section&quot;:&quot;section-stretched&quot;,&quot;background_background&quot;:&quot;classic&quot;}\">\n\t\t\t\t\t\t<div class=\"elementor-container elementor-column-gap-no\">\n\t\t\t\t\t<div class=\"elementor-column elementor-col-50 elementor-top-column elementor-element elementor-element-070bbbd\" data-id=\"070bbbd\" data-element_type=\"column\" data-settings=\"{&quot;background_background&quot;:&quot;classic&quot;}\">\n\t\t\t<div class=\"elementor-widget-wrap elementor-element-populated\">\n\t\t\t\t\t\t<div class=\"elementor-element elementor-element-17b3f30 elementor-widget elementor-widget-google_maps\" data-id=\"17b3f30\" data-element_type=\"widget\" data-widget_type=\"google_maps.default\">\n\t\t\t\t<div class=\"elementor-widget-container\">\n\t\t\t\t\t<div class=\"elementor-custom-embed\">\n\t\t\t<iframe loading=\"lazy\"\n\t\t\t\t\tsrc=\"https:\/\/maps.google.com\/maps?q=La%20Tour%20de%20G%C3%A2tigne&#038;t=m&#038;z=10&#038;output=embed&#038;iwloc=near\"\n\t\t\t\t\ttitle=\"La Tour de G\u00e2tigne\"\n\t\t\t\t\taria-label=\"La Tour de G\u00e2tigne\"\n\t\t\t><\/iframe>\n\t\t<\/div>\n\t\t\t\t<\/div>\n\t\t\t\t<\/div>\n\t\t\t\t\t<\/div>\n\t\t<\/div>\n\t\t\t\t<div class=\"elementor-column elementor-col-50 elementor-top-column elementor-element elementor-element-a8a617b animated-slow elementor-invisible\" data-id=\"a8a617b\" data-element_type=\"column\" data-settings=\"{&quot;animation&quot;:&quot;fadeIn&quot;,&quot;background_background&quot;:&quot;classic&quot;}\">\n\t\t\t<div class=\"elementor-widget-wrap elementor-element-populated\">\n\t\t\t\t\t\t<div class=\"elementor-element elementor-element-87cd93a elementor-invisible elementor-widget elementor-widget-heading\" data-id=\"87cd93a\" data-element_type=\"widget\" data-settings=\"{&quot;_animation&quot;:&quot;fadeIn&quot;,&quot;_animation_delay&quot;:&quot;200&quot;}\" data-widget_type=\"heading.default\">\n\t\t\t\t<div class=\"elementor-widget-container\">\n\t\t\t<span class=\"elementor-heading-title elementor-size-default\">Contact us<\/span>\t\t<\/div>\n\t\t\t\t<\/div>\n\t\t\t\t<div class=\"elementor-element elementor-element-056dba0 elementor-widget elementor-widget-heading\" data-id=\"056dba0\" data-element_type=\"widget\" data-widget_type=\"heading.default\">\n\t\t\t\t<div class=\"elementor-widget-container\">\n\t\t\t<h2 class=\"elementor-heading-title elementor-size-default\">Send a message<\/h2>\t\t<\/div>\n\t\t\t\t<\/div>\n\t\t\t\t<div class=\"elementor-element elementor-element-9c480cd elementor-button-align-start elementor-widget elementor-widget-form\" data-id=\"9c480cd\" data-element_type=\"widget\" data-settings=\"{&quot;step_next_label&quot;:&quot;Suivant&quot;,&quot;step_previous_label&quot;:&quot;Pr\\u00e9c\\u00e9dent&quot;,&quot;button_width&quot;:&quot;100&quot;,&quot;step_type&quot;:&quot;number_text&quot;,&quot;step_icon_shape&quot;:&quot;circle&quot;}\" data-widget_type=\"form.default\">\n\t\t\t\t<div class=\"elementor-widget-container\">\n\t\t\t\t\t<form class=\"elementor-form\" method=\"post\" name=\"Nouveau formulaire\" action=\"\">\n\t\t\t<input type=\"hidden\" name=\"post_id\" value=\"987780\"\/>\n\t\t\t<input type=\"hidden\" name=\"form_id\" value=\"9c480cd\"\/>\n\t\t\t<input type=\"hidden\" name=\"referer_title\" value=\"La Tour de Gatigne\" \/>\n\n\t\t\t\n\t\t\t<div class=\"elementor-form-fields-wrapper elementor-labels-above\">\n\t\t\t\t\t\t\t\t<div class=\"elementor-field-type-text elementor-field-group elementor-column elementor-field-group-field_1e8f0e7 elementor-col-100 elementor-field-required\">\n\t\t\t\t\t\t\t\t\t\t\t\t\t<input size=\"1\" type=\"text\" name=\"form_fields[field_1e8f0e7]\" id=\"form-field-field_1e8f0e7\" class=\"elementor-field elementor-size-sm  elementor-field-textual\" placeholder=\"Name\" required=\"required\" aria-required=\"true\">\n\t\t\t\t\t\t\t\t\t\t\t<\/div>\n\t\t\t\t\t\t\t\t<div class=\"elementor-field-type-text elementor-field-group elementor-column elementor-field-group-name elementor-col-100 elementor-field-required\">\n\t\t\t\t\t\t\t\t\t\t\t\t\t<input size=\"1\" type=\"text\" name=\"form_fields[name]\" id=\"form-field-name\" class=\"elementor-field elementor-size-sm  elementor-field-textual\" placeholder=\"Surname\" required=\"required\" aria-required=\"true\">\n\t\t\t\t\t\t\t\t\t\t\t<\/div>\n\t\t\t\t\t\t\t\t<div class=\"elementor-field-type-tel elementor-field-group elementor-column elementor-field-group-field_aed5ba2 elementor-col-100\">\n\t\t\t\t\t\t\t<input size=\"1\" type=\"tel\" name=\"form_fields[field_aed5ba2]\" id=\"form-field-field_aed5ba2\" class=\"elementor-field elementor-size-sm  elementor-field-textual\" placeholder=\"Phone\" pattern=\"[0-9()#&amp;+*-=.]+\" title=\"Only numbers and phone characters (#, -, *, etc) are accepted.\">\n\n\t\t\t\t\t\t<\/div>\n\t\t\t\t\t\t\t\t<div class=\"elementor-field-type-email elementor-field-group elementor-column elementor-field-group-email elementor-col-100 elementor-field-required\">\n\t\t\t\t\t\t\t\t\t\t\t\t\t<input size=\"1\" type=\"email\" name=\"form_fields[email]\" id=\"form-field-email\" class=\"elementor-field elementor-size-sm  elementor-field-textual\" placeholder=\"E-mail\" required=\"required\" aria-required=\"true\">\n\t\t\t\t\t\t\t\t\t\t\t<\/div>\n\t\t\t\t\t\t\t\t<div class=\"elementor-field-type-textarea elementor-field-group elementor-column elementor-field-group-message elementor-col-100 elementor-field-required\">\n\t\t\t\t\t<textarea class=\"elementor-field-textual elementor-field  elementor-size-sm\" name=\"form_fields[message]\" id=\"form-field-message\" rows=\"4\" placeholder=\"Message\" required=\"required\" aria-required=\"true\"><\/textarea>\t\t\t\t<\/div>\n\t\t\t\t\t\t\t\t<div class=\"elementor-field-type-recaptcha elementor-field-group elementor-column elementor-field-group-field_30381f1 elementor-col-100\">\n\t\t\t\t\t<div class=\"elementor-field\" id=\"form-field-field_30381f1\"><div class=\"elementor-g-recaptcha\" data-sitekey=\"6Ldo5c0UAAAAAJOUAkqTTQ30DbPZFhlTIAMH8qBo\" data-type=\"v2_checkbox\" data-theme=\"light\" data-size=\"normal\"><\/div><\/div>\t\t\t\t<\/div>\n\t\t\t\t\t\t\t\t<div class=\"elementor-field-group elementor-column elementor-field-type-submit elementor-col-100 e-form__buttons\">\n\t\t\t\t\t<button type=\"submit\" class=\"elementor-button elementor-size-xl\">\n\t\t\t\t\t\t<span >\n\t\t\t\t\t\t\t\t\t\t\t\t\t\t\t<span class=\"elementor-button-icon\">\n\t\t\t\t\t\t\t\t\t\t\t\t\t\t\t\t\t\t\t\t\t\t\t\t\t\t<\/span>\n\t\t\t\t\t\t\t\t\t\t\t\t\t\t\t\t\t\t\t\t\t\t<span class=\"elementor-button-text\">Send<\/span>\n\t\t\t\t\t\t\t\t\t\t\t\t\t<\/span>\n\t\t\t\t\t<\/button>\n\t\t\t\t<\/div>\n\t\t\t<\/div>\n\t\t<input type=\"hidden\" name=\"trp-form-language\" value=\"en\"\/><\/form>\n\t\t\t\t<\/div>\n\t\t\t\t<\/div>\n\t\t\t\t\t<\/div>\n\t\t<\/div>\n\t\t\t\t\t<\/div>\n\t\t<\/section>\n\t\t\t\t<\/div>","protected":false},"excerpt":{"rendered":"<p>Visite et contact Visite Le caveau Lors de votre visite au domaine, dans le caveau am\u00e9nag\u00e9 au pied du donjon carr\u00e9, la famille Guibal se fera un plaisir de vous faire partager leur passion et de vous faire d\u00e9guster leurs vins. NB: pour les groupes de plus de 20 personnes, nous vous conseillons de prendre&#8230;<\/p>","protected":false},"author":1,"featured_media":0,"parent":0,"menu_order":0,"comment_status":"closed","ping_status":"closed","template":"","meta":{"footnotes":""},"class_list":["post-987780","page","type-page","status-publish","hentry"],"yoast_head":"<!-- This site is optimized with the Yoast SEO plugin v22.3 - https:\/\/yoast.com\/wordpress\/plugins\/seo\/ -->\n<title>Le caveau de La Tour de Gatigne | D\u00e9gustation et vente de vins<\/title>\n<meta name=\"description\" content=\"Le caveau am\u00e9nag\u00e9 au pied du donjon carr\u00e9, nous vous feront partager notre passion et d\u00e9guster nos vins d&#039;exception.\" \/>\n<meta name=\"robots\" content=\"index, follow, max-snippet:-1, max-image-preview:large, max-video-preview:-1\" \/>\n<link rel=\"canonical\" href=\"https:\/\/domainedelatour.org\/en\/le-caveau\/\" \/>\n<meta property=\"og:locale\" content=\"en_GB\" \/>\n<meta property=\"og:type\" content=\"article\" \/>\n<meta property=\"og:title\" content=\"Le caveau de La Tour de Gatigne | D\u00e9gustation et vente de vins\" \/>\n<meta property=\"og:description\" content=\"Le caveau am\u00e9nag\u00e9 au pied du donjon carr\u00e9, nous vous feront partager notre passion et d\u00e9guster nos vins d&#039;exception.\" \/>\n<meta property=\"og:url\" content=\"https:\/\/domainedelatour.org\/en\/le-caveau\/\" \/>\n<meta property=\"og:site_name\" content=\"La Tour de Gatigne\" \/>\n<meta property=\"article:modified_time\" content=\"2022-02-23T13:01:50+00:00\" \/>\n<meta property=\"og:image\" content=\"https:\/\/domainedelatour.org\/wp-content\/uploads\/2022\/01\/Fichier-1-1.svg\" \/>\n<meta name=\"twitter:card\" content=\"summary_large_image\" \/>\n<meta name=\"twitter:label1\" content=\"Estimated reading time\" \/>\n\t<meta name=\"twitter:data1\" content=\"1 minute\" \/>\n<script type=\"application\/ld+json\" class=\"yoast-schema-graph\">{\"@context\":\"https:\/\/schema.org\",\"@graph\":[{\"@type\":\"WebPage\",\"@id\":\"https:\/\/domainedelatour.org\/le-caveau\/\",\"url\":\"https:\/\/domainedelatour.org\/le-caveau\/\",\"name\":\"Le caveau de La Tour de Gatigne | D\u00e9gustation et vente de vins\",\"isPartOf\":{\"@id\":\"https:\/\/domainedelatour.org\/#website\"},\"primaryImageOfPage\":{\"@id\":\"https:\/\/domainedelatour.org\/le-caveau\/#primaryimage\"},\"image\":{\"@id\":\"https:\/\/domainedelatour.org\/le-caveau\/#primaryimage\"},\"thumbnailUrl\":\"https:\/\/domainedelatour.org\/wp-content\/uploads\/2022\/01\/Fichier-1-1.svg\",\"datePublished\":\"2022-01-17T15:02:14+00:00\",\"dateModified\":\"2022-02-23T13:01:50+00:00\",\"description\":\"Le caveau am\u00e9nag\u00e9 au pied du donjon carr\u00e9, nous vous feront partager notre passion et d\u00e9guster nos vins d'exception.\",\"breadcrumb\":{\"@id\":\"https:\/\/domainedelatour.org\/le-caveau\/#breadcrumb\"},\"inLanguage\":\"en-GB\",\"potentialAction\":[{\"@type\":\"ReadAction\",\"target\":[\"https:\/\/domainedelatour.org\/le-caveau\/\"]}]},{\"@type\":\"ImageObject\",\"inLanguage\":\"en-GB\",\"@id\":\"https:\/\/domainedelatour.org\/le-caveau\/#primaryimage\",\"url\":\"https:\/\/domainedelatour.org\/wp-content\/uploads\/2022\/01\/Fichier-1-1.svg\",\"contentUrl\":\"https:\/\/domainedelatour.org\/wp-content\/uploads\/2022\/01\/Fichier-1-1.svg\",\"width\":903,\"height\":740},{\"@type\":\"BreadcrumbList\",\"@id\":\"https:\/\/domainedelatour.org\/le-caveau\/#breadcrumb\",\"itemListElement\":[{\"@type\":\"ListItem\",\"position\":1,\"name\":\"Home\",\"item\":\"https:\/\/domainedelatour.org\/\"},{\"@type\":\"ListItem\",\"position\":2,\"name\":\"Visite et contact\"}]},{\"@type\":\"WebSite\",\"@id\":\"https:\/\/domainedelatour.org\/#website\",\"url\":\"https:\/\/domainedelatour.org\/\",\"name\":\"La Tour de Gatigne\",\"description\":\"Vignoble \u00e0 Saint-Chaptes\",\"publisher\":{\"@id\":\"https:\/\/domainedelatour.org\/#organization\"},\"potentialAction\":[{\"@type\":\"SearchAction\",\"target\":{\"@type\":\"EntryPoint\",\"urlTemplate\":\"https:\/\/domainedelatour.org\/?s={search_term_string}\"},\"query-input\":\"required name=search_term_string\"}],\"inLanguage\":\"en-GB\"},{\"@type\":\"Organization\",\"@id\":\"https:\/\/domainedelatour.org\/#organization\",\"name\":\"Domaine de La Tour de G\u00e2tigne\",\"url\":\"https:\/\/domainedelatour.org\/\",\"logo\":{\"@type\":\"ImageObject\",\"inLanguage\":\"en-GB\",\"@id\":\"https:\/\/domainedelatour.org\/#\/schema\/logo\/image\/\",\"url\":\"https:\/\/domainedelatour.org\/wp-content\/uploads\/2022\/01\/LOGO.jpg\",\"contentUrl\":\"https:\/\/domainedelatour.org\/wp-content\/uploads\/2022\/01\/LOGO.jpg\",\"width\":945,\"height\":945,\"caption\":\"Domaine de La Tour de G\u00e2tigne\"},\"image\":{\"@id\":\"https:\/\/domainedelatour.org\/#\/schema\/logo\/image\/\"}}]}<\/script>\n<!-- \/ Yoast SEO plugin. -->","yoast_head_json":{"title":"Le caveau de La Tour de Gatigne | D\u00e9gustation et vente de vins","description":"Le caveau am\u00e9nag\u00e9 au pied du donjon carr\u00e9, nous vous feront partager notre passion et d\u00e9guster nos vins d'exception.","robots":{"index":"index","follow":"follow","max-snippet":"max-snippet:-1","max-image-preview":"max-image-preview:large","max-video-preview":"max-video-preview:-1"},"canonical":"https:\/\/domainedelatour.org\/en\/le-caveau\/","og_locale":"en_GB","og_type":"article","og_title":"Le caveau de La Tour de Gatigne | D\u00e9gustation et vente de vins","og_description":"Le caveau am\u00e9nag\u00e9 au pied du donjon carr\u00e9, nous vous feront partager notre passion et d\u00e9guster nos vins d'exception.","og_url":"https:\/\/domainedelatour.org\/en\/le-caveau\/","og_site_name":"La Tour de Gatigne","article_modified_time":"2022-02-23T13:01:50+00:00","og_image":[{"url":"https:\/\/domainedelatour.org\/wp-content\/uploads\/2022\/01\/Fichier-1-1.svg"}],"twitter_card":"summary_large_image","twitter_misc":{"Estimated reading time":"1 minute"},"schema":{"@context":"https:\/\/schema.org","@graph":[{"@type":"WebPage","@id":"https:\/\/domainedelatour.org\/le-caveau\/","url":"https:\/\/domainedelatour.org\/le-caveau\/","name":"Le caveau de La Tour de Gatigne | D\u00e9gustation et vente de vins","isPartOf":{"@id":"https:\/\/domainedelatour.org\/#website"},"primaryImageOfPage":{"@id":"https:\/\/domainedelatour.org\/le-caveau\/#primaryimage"},"image":{"@id":"https:\/\/domainedelatour.org\/le-caveau\/#primaryimage"},"thumbnailUrl":"https:\/\/domainedelatour.org\/wp-content\/uploads\/2022\/01\/Fichier-1-1.svg","datePublished":"2022-01-17T15:02:14+00:00","dateModified":"2022-02-23T13:01:50+00:00","description":"Le caveau am\u00e9nag\u00e9 au pied du donjon carr\u00e9, nous vous feront partager notre passion et d\u00e9guster nos vins d'exception.","breadcrumb":{"@id":"https:\/\/domainedelatour.org\/le-caveau\/#breadcrumb"},"inLanguage":"en-GB","potentialAction":[{"@type":"ReadAction","target":["https:\/\/domainedelatour.org\/le-caveau\/"]}]},{"@type":"ImageObject","inLanguage":"en-GB","@id":"https:\/\/domainedelatour.org\/le-caveau\/#primaryimage","url":"https:\/\/domainedelatour.org\/wp-content\/uploads\/2022\/01\/Fichier-1-1.svg","contentUrl":"https:\/\/domainedelatour.org\/wp-content\/uploads\/2022\/01\/Fichier-1-1.svg","width":903,"height":740},{"@type":"BreadcrumbList","@id":"https:\/\/domainedelatour.org\/le-caveau\/#breadcrumb","itemListElement":[{"@type":"ListItem","position":1,"name":"Home","item":"https:\/\/domainedelatour.org\/"},{"@type":"ListItem","position":2,"name":"Visite et contact"}]},{"@type":"WebSite","@id":"https:\/\/domainedelatour.org\/#website","url":"https:\/\/domainedelatour.org\/","name":"La Tour de Gatigne","description":"Vignoble \u00e0 Saint-Chaptes","publisher":{"@id":"https:\/\/domainedelatour.org\/#organization"},"potentialAction":[{"@type":"SearchAction","target":{"@type":"EntryPoint","urlTemplate":"https:\/\/domainedelatour.org\/?s={search_term_string}"},"query-input":"required name=search_term_string"}],"inLanguage":"en-GB"},{"@type":"Organization","@id":"https:\/\/domainedelatour.org\/#organization","name":"Domaine de La Tour de G\u00e2tigne","url":"https:\/\/domainedelatour.org\/","logo":{"@type":"ImageObject","inLanguage":"en-GB","@id":"https:\/\/domainedelatour.org\/#\/schema\/logo\/image\/","url":"https:\/\/domainedelatour.org\/wp-content\/uploads\/2022\/01\/LOGO.jpg","contentUrl":"https:\/\/domainedelatour.org\/wp-content\/uploads\/2022\/01\/LOGO.jpg","width":945,"height":945,"caption":"Domaine de La Tour de G\u00e2tigne"},"image":{"@id":"https:\/\/domainedelatour.org\/#\/schema\/logo\/image\/"}}]}},"_links":{"self":[{"href":"https:\/\/domainedelatour.org\/en\/wp-json\/wp\/v2\/pages\/987780","targetHints":{"allow":["GET"]}}],"collection":[{"href":"https:\/\/domainedelatour.org\/en\/wp-json\/wp\/v2\/pages"}],"about":[{"href":"https:\/\/domainedelatour.org\/en\/wp-json\/wp\/v2\/types\/page"}],"author":[{"embeddable":true,"href":"https:\/\/domainedelatour.org\/en\/wp-json\/wp\/v2\/users\/1"}],"replies":[{"embeddable":true,"href":"https:\/\/domainedelatour.org\/en\/wp-json\/wp\/v2\/comments?post=987780"}],"version-history":[{"count":66,"href":"https:\/\/domainedelatour.org\/en\/wp-json\/wp\/v2\/pages\/987780\/revisions"}],"predecessor-version":[{"id":988598,"href":"https:\/\/domainedelatour.org\/en\/wp-json\/wp\/v2\/pages\/987780\/revisions\/988598"}],"wp:attachment":[{"href":"https:\/\/domainedelatour.org\/en\/wp-json\/wp\/v2\/media?parent=987780"}],"curies":[{"name":"wp","href":"https:\/\/api.w.org\/{rel}","templated":true}]}}