{"id":6559,"date":"2020-08-11T13:23:27","date_gmt":"2020-08-11T13:23:27","guid":{"rendered":"https:\/\/lagar.vamtam.com\/?post_type=product&#038;p=6559"},"modified":"2026-03-20T15:53:40","modified_gmt":"2026-03-20T15:53:40","slug":"2017-mascarello-giuseppe-e-figlio","status":"publish","type":"product","link":"https:\/\/domainedelatour.org\/en\/nos-vins\/2017-mascarello-giuseppe-e-figlio\/","title":{"rendered":"IGP C\u00e9vennes- \u00ab Cuv\u00e9e sans sulfites \u00bb &#8211; Agriculture Biologique"},"content":{"rendered":"<div data-elementor-type=\"product-post\" data-elementor-id=\"6559\" class=\"elementor elementor-6559\" data-elementor-post-type=\"product\">\n\t\t\t\t\t\t<section class=\"elementor-section elementor-top-section elementor-element elementor-element-7bf615c elementor-section-boxed elementor-section-height-default elementor-section-height-default\" data-id=\"7bf615c\" data-element_type=\"section\">\n\t\t\t\t\t\t<div class=\"elementor-container elementor-column-gap-default\">\n\t\t\t\t\t<div class=\"elementor-column elementor-col-100 elementor-top-column elementor-element elementor-element-ad3121e\" data-id=\"ad3121e\" data-element_type=\"column\">\n\t\t\t<div class=\"elementor-widget-wrap elementor-element-populated\">\n\t\t\t\t\t\t<div class=\"elementor-element elementor-element-8ccde06 elementor-widget elementor-widget-heading\" data-id=\"8ccde06\" data-element_type=\"widget\" data-widget_type=\"heading.default\">\n\t\t\t\t<div class=\"elementor-widget-container\">\n\t\t\t<h3 class=\"elementor-heading-title elementor-size-default\">Fiche technique<\/h3>\t\t<\/div>\n\t\t\t\t<\/div>\n\t\t\t\t<div class=\"elementor-element elementor-element-7da7ddf elementor-widget elementor-widget-text-editor\" data-id=\"7da7ddf\" data-element_type=\"widget\" data-widget_type=\"text-editor.default\">\n\t\t\t\t<div class=\"elementor-widget-container\">\n\t\t\t\t\t\t\t<p><strong>R\u00e9gion :<\/strong> Languedoc-Roussillon<br \/><strong>Appellation :<\/strong> IGP C\u00e9vennes<br \/><strong>Couleur:<\/strong> Rouge<br \/><strong>C\u00e9pages : <\/strong>Syrah 80% &#8211; Viognier\u00a0 20%<\/p>\t\t\t\t\t\t<\/div>\n\t\t\t\t<\/div>\n\t\t\t\t<div class=\"elementor-element elementor-element-183aafd elementor-widget elementor-widget-text-editor\" data-id=\"183aafd\" data-element_type=\"widget\" data-widget_type=\"text-editor.default\">\n\t\t\t\t<div class=\"elementor-widget-container\">\n\t\t\t\t\t\t\t<p><strong>Elaboration :<\/strong> Vin certifi\u00e9 Agriculture biologique.Vinification traditionnelle avec contr\u00f4le des temp\u00e9ratures. \u00c9levage en cuve inox. Sans sulfites ajout\u00e9s.<\/p><p><strong>\u0152il :<\/strong> <span style=\"color: var(--vamtam-primary-font-color);\">Une jolie robe rubis.<\/span><\/p><p><strong><span style=\"color: var(--vamtam-primary-font-color);\">Nez : <\/span><\/strong><span style=\"color: var(--vamtam-primary-font-color);\">Aromatique avec notes menthol\u00e9es, de fruits rouges et noirs frais.<\/span><\/p><p><strong><span style=\"color: var(--vamtam-primary-font-color);\">Bouche : <\/span><\/strong><span style=\"color: var(--vamtam-primary-font-color);\">\u00c9l\u00e9gante et raffin\u00e9e sur des saveurs de fruits.<\/span><\/p><p><strong><span style=\"color: var(--vamtam-primary-font-color);\">Accords mets &amp; vin : <\/span><\/strong><span style=\"color: var(--vamtam-primary-font-color);\">En ap\u00e9ritif accompagn\u00e9 de charcuteries, au repas avec des viandes blanches ou rouges ainsi qu\u2019avec des grillades.<\/span><\/p><p><span style=\"color: var(--vamtam-primary-font-color);\"><strong>Temp\u00e9rature de service :<\/strong> <\/span><span style=\"color: var(--vamtam-primary-font-color);\">16\u00b0-18\u00b0<\/span><\/p><p><strong><span style=\"color: var(--vamtam-primary-font-color);\">Potentiel de garde : <\/span><\/strong><span style=\"color: var(--vamtam-primary-font-color);\">2 ans<br \/><\/span><\/p>\t\t\t\t\t\t<\/div>\n\t\t\t\t<\/div>\n\t\t\t\t<div class=\"elementor-element elementor-element-37baffc elementor-widget elementor-widget-heading\" data-id=\"37baffc\" data-element_type=\"widget\" data-widget_type=\"heading.default\">\n\t\t\t\t<div class=\"elementor-widget-container\">\n\t\t\t<h3 class=\"elementor-heading-title elementor-size-default\">Awards<\/h3>\t\t<\/div>\n\t\t\t\t<\/div>\n\t\t\t\t<section class=\"elementor-section elementor-inner-section elementor-element elementor-element-42d6736 elementor-section-boxed elementor-section-height-default elementor-section-height-default\" data-id=\"42d6736\" data-element_type=\"section\">\n\t\t\t\t\t\t<div class=\"elementor-container elementor-column-gap-default\">\n\t\t\t\t\t<div class=\"elementor-column elementor-col-100 elementor-inner-column elementor-element elementor-element-bcaa846\" data-id=\"bcaa846\" data-element_type=\"column\">\n\t\t\t<div class=\"elementor-widget-wrap elementor-element-populated\">\n\t\t\t\t\t\t<div class=\"elementor-element elementor-element-cf9632f elementor-widget elementor-widget-text-editor\" data-id=\"cf9632f\" data-element_type=\"widget\" data-widget_type=\"text-editor.default\">\n\t\t\t\t<div class=\"elementor-widget-container\">\n\t\t\t\t\t\t\t<ul>\n<li>1 \u00e9toile Guide Hachette des vins 2026 (Mill\u00e9sime 2024)<\/li><li>M\u00e9daille d&rsquo;Or Concours G\u00e9n\u00e9ral Agricole de Paris 2025 (Mill\u00e9sime 2024)<\/li><li>M\u00e9daille d&rsquo;Or Concours des vins de N\u00eemes 2024 (Mill\u00e9sime 2023)<\/li>\n<li>2 \u00e9toiles Guide Hachette des vins 2024 ( Mill\u00e9sime 2022)<\/li>\n<li>M\u00e9daille d&rsquo;Or Concours G\u00e9n\u00e9ral Agricole de Paris 2023 (Mill\u00e9sime 2022)<\/li><\/ul>\t\t\t\t\t\t<\/div>\n\t\t\t\t<\/div>\n\t\t\t\t\t<\/div>\n\t\t<\/div>\n\t\t\t\t\t<\/div>\n\t\t<\/section>\n\t\t\t\t<section class=\"elementor-section elementor-inner-section elementor-element elementor-element-46bdb04 elementor-section-boxed elementor-section-height-default elementor-section-height-default\" data-id=\"46bdb04\" data-element_type=\"section\">\n\t\t\t\t\t\t<div class=\"elementor-container elementor-column-gap-default\">\n\t\t\t\t\t<div class=\"elementor-column elementor-col-100 elementor-inner-column elementor-element elementor-element-9baed9e\" data-id=\"9baed9e\" data-element_type=\"column\">\n\t\t\t<div class=\"elementor-widget-wrap\">\n\t\t\t\t\t\t\t<\/div>\n\t\t<\/div>\n\t\t\t\t\t<\/div>\n\t\t<\/section>\n\t\t\t\t\t<\/div>\n\t\t<\/div>\n\t\t\t\t\t<\/div>\n\t\t<\/section>\n\t\t\t\t<\/div>","protected":false},"excerpt":{"rendered":"<p>Fiche technique R\u00e9gion : Languedoc-RoussillonAppellation : IGP C\u00e9vennesCouleur: RougeC\u00e9pages : Syrah 80% &#8211; Viognier\u00a0 20% Elaboration : Vin certifi\u00e9 Agriculture biologique.Vinification traditionnelle avec contr\u00f4le des temp\u00e9ratures. \u00c9levage en cuve inox. Sans sulfites ajout\u00e9s. \u0152il : Une jolie robe rubis. Nez : Aromatique avec notes menthol\u00e9es, de fruits rouges et noirs frais. Bouche : \u00c9l\u00e9gante et&#8230;<\/p>","protected":false},"featured_media":988173,"template":"","meta":[],"product_cat":[25],"product_tag":[47],"class_list":{"0":"post-6559","1":"product","2":"type-product","3":"status-publish","4":"has-post-thumbnail","6":"product_cat-vins-rouges","7":"product_tag-47","9":"first","10":"instock","11":"shipping-taxable","12":"product-type-simple"},"yoast_head":"<!-- This site is optimized with the Yoast SEO plugin v22.3 - https:\/\/yoast.com\/wordpress\/plugins\/seo\/ -->\n<title>IGP C\u00e9vennes- \u00ab Cuv\u00e9e sans sulfites \u00bb - Agriculture Biologique - La Tour de Gatigne<\/title>\n<meta name=\"description\" content=\"Fiche technique R\u00e9gion : Languedoc-RoussillonAppellation : IGP C\u00e9vennesCouleur: RougeC\u00e9pages : Syrah 80% - Viognier\u00a0 20%Elaboration : Vin certifi\u00e9\" \/>\n<meta name=\"robots\" content=\"index, follow, max-snippet:-1, max-image-preview:large, max-video-preview:-1\" \/>\n<link rel=\"canonical\" href=\"https:\/\/domainedelatour.org\/en\/nos-vins\/2017-mascarello-giuseppe-e-figlio\/\" \/>\n<meta property=\"og:locale\" content=\"en_GB\" \/>\n<meta property=\"og:type\" content=\"article\" \/>\n<meta property=\"og:title\" content=\"IGP C\u00e9vennes- \u00ab Cuv\u00e9e sans sulfites \u00bb - Agriculture Biologique - La Tour de Gatigne\" \/>\n<meta property=\"og:description\" content=\"Fiche technique R\u00e9gion : Languedoc-RoussillonAppellation : IGP C\u00e9vennesCouleur: RougeC\u00e9pages : Syrah 80% - Viognier\u00a0 20%Elaboration : Vin certifi\u00e9\" \/>\n<meta property=\"og:url\" content=\"https:\/\/domainedelatour.org\/en\/nos-vins\/2017-mascarello-giuseppe-e-figlio\/\" \/>\n<meta property=\"og:site_name\" content=\"La Tour de Gatigne\" \/>\n<meta property=\"article:modified_time\" content=\"2026-03-20T15:53:40+00:00\" \/>\n<meta property=\"og:image\" content=\"https:\/\/domainedelatour.org\/wp-content\/uploads\/2022\/01\/2020-IG-Cevennes.png\" \/>\n\t<meta property=\"og:image:width\" content=\"300\" \/>\n\t<meta property=\"og:image:height\" content=\"600\" \/>\n\t<meta property=\"og:image:type\" content=\"image\/png\" \/>\n<meta name=\"twitter:card\" content=\"summary_large_image\" \/>\n<script type=\"application\/ld+json\" class=\"yoast-schema-graph\">{\"@context\":\"https:\/\/schema.org\",\"@graph\":[{\"@type\":\"WebPage\",\"@id\":\"https:\/\/domainedelatour.org\/nos-vins\/2017-mascarello-giuseppe-e-figlio\/\",\"url\":\"https:\/\/domainedelatour.org\/nos-vins\/2017-mascarello-giuseppe-e-figlio\/\",\"name\":\"IGP C\u00e9vennes- \u00ab Cuv\u00e9e sans sulfites \u00bb - Agriculture Biologique - La Tour de Gatigne\",\"isPartOf\":{\"@id\":\"https:\/\/domainedelatour.org\/#website\"},\"primaryImageOfPage\":{\"@id\":\"https:\/\/domainedelatour.org\/nos-vins\/2017-mascarello-giuseppe-e-figlio\/#primaryimage\"},\"image\":{\"@id\":\"https:\/\/domainedelatour.org\/nos-vins\/2017-mascarello-giuseppe-e-figlio\/#primaryimage\"},\"thumbnailUrl\":\"https:\/\/domainedelatour.org\/wp-content\/uploads\/2022\/01\/2020-IG-Cevennes.png\",\"datePublished\":\"2020-08-11T13:23:27+00:00\",\"dateModified\":\"2026-03-20T15:53:40+00:00\",\"description\":\"Fiche technique R\u00e9gion : Languedoc-RoussillonAppellation : IGP C\u00e9vennesCouleur: RougeC\u00e9pages : Syrah 80% - Viognier\u00a0 20%Elaboration : Vin certifi\u00e9\",\"breadcrumb\":{\"@id\":\"https:\/\/domainedelatour.org\/nos-vins\/2017-mascarello-giuseppe-e-figlio\/#breadcrumb\"},\"inLanguage\":\"en-GB\",\"potentialAction\":[{\"@type\":\"ReadAction\",\"target\":[\"https:\/\/domainedelatour.org\/nos-vins\/2017-mascarello-giuseppe-e-figlio\/\"]}]},{\"@type\":\"ImageObject\",\"inLanguage\":\"en-GB\",\"@id\":\"https:\/\/domainedelatour.org\/nos-vins\/2017-mascarello-giuseppe-e-figlio\/#primaryimage\",\"url\":\"https:\/\/domainedelatour.org\/wp-content\/uploads\/2022\/01\/2020-IG-Cevennes.png\",\"contentUrl\":\"https:\/\/domainedelatour.org\/wp-content\/uploads\/2022\/01\/2020-IG-Cevennes.png\",\"width\":300,\"height\":600},{\"@type\":\"BreadcrumbList\",\"@id\":\"https:\/\/domainedelatour.org\/nos-vins\/2017-mascarello-giuseppe-e-figlio\/#breadcrumb\",\"itemListElement\":[{\"@type\":\"ListItem\",\"position\":1,\"name\":\"Home\",\"item\":\"https:\/\/domainedelatour.org\/\"},{\"@type\":\"ListItem\",\"position\":2,\"name\":\"Produits\",\"item\":\"https:\/\/domainedelatour.org\/?post_type=product\"},{\"@type\":\"ListItem\",\"position\":3,\"name\":\"IGP C\u00e9vennes- \u00ab Cuv\u00e9e sans sulfites \u00bb &#8211; Agriculture Biologique\"}]},{\"@type\":\"WebSite\",\"@id\":\"https:\/\/domainedelatour.org\/#website\",\"url\":\"https:\/\/domainedelatour.org\/\",\"name\":\"La Tour de Gatigne\",\"description\":\"Vignoble \u00e0 Saint-Chaptes\",\"publisher\":{\"@id\":\"https:\/\/domainedelatour.org\/#organization\"},\"potentialAction\":[{\"@type\":\"SearchAction\",\"target\":{\"@type\":\"EntryPoint\",\"urlTemplate\":\"https:\/\/domainedelatour.org\/?s={search_term_string}\"},\"query-input\":\"required name=search_term_string\"}],\"inLanguage\":\"en-GB\"},{\"@type\":\"Organization\",\"@id\":\"https:\/\/domainedelatour.org\/#organization\",\"name\":\"Domaine de La Tour de G\u00e2tigne\",\"url\":\"https:\/\/domainedelatour.org\/\",\"logo\":{\"@type\":\"ImageObject\",\"inLanguage\":\"en-GB\",\"@id\":\"https:\/\/domainedelatour.org\/#\/schema\/logo\/image\/\",\"url\":\"https:\/\/domainedelatour.org\/wp-content\/uploads\/2022\/01\/LOGO.jpg\",\"contentUrl\":\"https:\/\/domainedelatour.org\/wp-content\/uploads\/2022\/01\/LOGO.jpg\",\"width\":945,\"height\":945,\"caption\":\"Domaine de La Tour de G\u00e2tigne\"},\"image\":{\"@id\":\"https:\/\/domainedelatour.org\/#\/schema\/logo\/image\/\"}}]}<\/script>\n<!-- \/ Yoast SEO plugin. -->","yoast_head_json":{"title":"IGP C\u00e9vennes- \u00ab Cuv\u00e9e sans sulfites \u00bb - Agriculture Biologique - La Tour de Gatigne","description":"Fiche technique R\u00e9gion : Languedoc-RoussillonAppellation : IGP C\u00e9vennesCouleur: RougeC\u00e9pages : Syrah 80% - Viognier\u00a0 20%Elaboration : Vin certifi\u00e9","robots":{"index":"index","follow":"follow","max-snippet":"max-snippet:-1","max-image-preview":"max-image-preview:large","max-video-preview":"max-video-preview:-1"},"canonical":"https:\/\/domainedelatour.org\/en\/nos-vins\/2017-mascarello-giuseppe-e-figlio\/","og_locale":"en_GB","og_type":"article","og_title":"IGP C\u00e9vennes- \u00ab Cuv\u00e9e sans sulfites \u00bb - Agriculture Biologique - La Tour de Gatigne","og_description":"Fiche technique R\u00e9gion : Languedoc-RoussillonAppellation : IGP C\u00e9vennesCouleur: RougeC\u00e9pages : Syrah 80% - Viognier\u00a0 20%Elaboration : Vin certifi\u00e9","og_url":"https:\/\/domainedelatour.org\/en\/nos-vins\/2017-mascarello-giuseppe-e-figlio\/","og_site_name":"La Tour de Gatigne","article_modified_time":"2026-03-20T15:53:40+00:00","og_image":[{"width":300,"height":600,"url":"https:\/\/domainedelatour.org\/wp-content\/uploads\/2022\/01\/2020-IG-Cevennes.png","type":"image\/png"}],"twitter_card":"summary_large_image","schema":{"@context":"https:\/\/schema.org","@graph":[{"@type":"WebPage","@id":"https:\/\/domainedelatour.org\/nos-vins\/2017-mascarello-giuseppe-e-figlio\/","url":"https:\/\/domainedelatour.org\/nos-vins\/2017-mascarello-giuseppe-e-figlio\/","name":"IGP C\u00e9vennes- \u00ab Cuv\u00e9e sans sulfites \u00bb - Agriculture Biologique - La Tour de Gatigne","isPartOf":{"@id":"https:\/\/domainedelatour.org\/#website"},"primaryImageOfPage":{"@id":"https:\/\/domainedelatour.org\/nos-vins\/2017-mascarello-giuseppe-e-figlio\/#primaryimage"},"image":{"@id":"https:\/\/domainedelatour.org\/nos-vins\/2017-mascarello-giuseppe-e-figlio\/#primaryimage"},"thumbnailUrl":"https:\/\/domainedelatour.org\/wp-content\/uploads\/2022\/01\/2020-IG-Cevennes.png","datePublished":"2020-08-11T13:23:27+00:00","dateModified":"2026-03-20T15:53:40+00:00","description":"Fiche technique R\u00e9gion : Languedoc-RoussillonAppellation : IGP C\u00e9vennesCouleur: RougeC\u00e9pages : Syrah 80% - Viognier\u00a0 20%Elaboration : Vin certifi\u00e9","breadcrumb":{"@id":"https:\/\/domainedelatour.org\/nos-vins\/2017-mascarello-giuseppe-e-figlio\/#breadcrumb"},"inLanguage":"en-GB","potentialAction":[{"@type":"ReadAction","target":["https:\/\/domainedelatour.org\/nos-vins\/2017-mascarello-giuseppe-e-figlio\/"]}]},{"@type":"ImageObject","inLanguage":"en-GB","@id":"https:\/\/domainedelatour.org\/nos-vins\/2017-mascarello-giuseppe-e-figlio\/#primaryimage","url":"https:\/\/domainedelatour.org\/wp-content\/uploads\/2022\/01\/2020-IG-Cevennes.png","contentUrl":"https:\/\/domainedelatour.org\/wp-content\/uploads\/2022\/01\/2020-IG-Cevennes.png","width":300,"height":600},{"@type":"BreadcrumbList","@id":"https:\/\/domainedelatour.org\/nos-vins\/2017-mascarello-giuseppe-e-figlio\/#breadcrumb","itemListElement":[{"@type":"ListItem","position":1,"name":"Home","item":"https:\/\/domainedelatour.org\/"},{"@type":"ListItem","position":2,"name":"Produits","item":"https:\/\/domainedelatour.org\/?post_type=product"},{"@type":"ListItem","position":3,"name":"IGP C\u00e9vennes- \u00ab Cuv\u00e9e sans sulfites \u00bb &#8211; Agriculture Biologique"}]},{"@type":"WebSite","@id":"https:\/\/domainedelatour.org\/#website","url":"https:\/\/domainedelatour.org\/","name":"La Tour de Gatigne","description":"Vignoble \u00e0 Saint-Chaptes","publisher":{"@id":"https:\/\/domainedelatour.org\/#organization"},"potentialAction":[{"@type":"SearchAction","target":{"@type":"EntryPoint","urlTemplate":"https:\/\/domainedelatour.org\/?s={search_term_string}"},"query-input":"required name=search_term_string"}],"inLanguage":"en-GB"},{"@type":"Organization","@id":"https:\/\/domainedelatour.org\/#organization","name":"Domaine de La Tour de G\u00e2tigne","url":"https:\/\/domainedelatour.org\/","logo":{"@type":"ImageObject","inLanguage":"en-GB","@id":"https:\/\/domainedelatour.org\/#\/schema\/logo\/image\/","url":"https:\/\/domainedelatour.org\/wp-content\/uploads\/2022\/01\/LOGO.jpg","contentUrl":"https:\/\/domainedelatour.org\/wp-content\/uploads\/2022\/01\/LOGO.jpg","width":945,"height":945,"caption":"Domaine de La Tour de G\u00e2tigne"},"image":{"@id":"https:\/\/domainedelatour.org\/#\/schema\/logo\/image\/"}}]}},"_links":{"self":[{"href":"https:\/\/domainedelatour.org\/en\/wp-json\/wp\/v2\/product\/6559","targetHints":{"allow":["GET"]}}],"collection":[{"href":"https:\/\/domainedelatour.org\/en\/wp-json\/wp\/v2\/product"}],"about":[{"href":"https:\/\/domainedelatour.org\/en\/wp-json\/wp\/v2\/types\/product"}],"version-history":[{"count":34,"href":"https:\/\/domainedelatour.org\/en\/wp-json\/wp\/v2\/product\/6559\/revisions"}],"predecessor-version":[{"id":988889,"href":"https:\/\/domainedelatour.org\/en\/wp-json\/wp\/v2\/product\/6559\/revisions\/988889"}],"wp:featuredmedia":[{"embeddable":true,"href":"https:\/\/domainedelatour.org\/en\/wp-json\/wp\/v2\/media\/988173"}],"wp:attachment":[{"href":"https:\/\/domainedelatour.org\/en\/wp-json\/wp\/v2\/media?parent=6559"}],"wp:term":[{"taxonomy":"product_cat","embeddable":true,"href":"https:\/\/domainedelatour.org\/en\/wp-json\/wp\/v2\/product_cat?post=6559"},{"taxonomy":"product_tag","embeddable":true,"href":"https:\/\/domainedelatour.org\/en\/wp-json\/wp\/v2\/product_tag?post=6559"}],"curies":[{"name":"wp","href":"https:\/\/api.w.org\/{rel}","templated":true}]}}