{"id":988145,"date":"2022-01-18T19:44:03","date_gmt":"2022-01-18T19:44:03","guid":{"rendered":"https:\/\/domainedelatour.org\/?post_type=product&#038;p=988145"},"modified":"2023-03-23T09:40:57","modified_gmt":"2023-03-23T09:40:57","slug":"2018-aop-duche-duzes-cuvee-24","status":"publish","type":"product","link":"https:\/\/domainedelatour.org\/en\/nos-vins\/2018-aop-duche-duzes-cuvee-24\/","title":{"rendered":"AOP Duch\u00e9 d\u2019Uz\u00e8s : Cuv\u00e9e 24 &#8211; Agriculture Biologique"},"content":{"rendered":"<div data-elementor-type=\"product-post\" data-elementor-id=\"988145\" class=\"elementor elementor-988145\" data-elementor-post-type=\"product\">\n\t\t\t\t\t\t<section class=\"elementor-section elementor-top-section elementor-element elementor-element-7bf615c elementor-section-boxed elementor-section-height-default elementor-section-height-default\" data-id=\"7bf615c\" data-element_type=\"section\">\n\t\t\t\t\t\t<div class=\"elementor-container elementor-column-gap-default\">\n\t\t\t\t\t<div class=\"elementor-column elementor-col-100 elementor-top-column elementor-element elementor-element-ad3121e\" data-id=\"ad3121e\" data-element_type=\"column\">\n\t\t\t<div class=\"elementor-widget-wrap elementor-element-populated\">\n\t\t\t\t\t\t<div class=\"elementor-element elementor-element-8ccde06 elementor-widget elementor-widget-heading\" data-id=\"8ccde06\" data-element_type=\"widget\" data-widget_type=\"heading.default\">\n\t\t\t\t<div class=\"elementor-widget-container\">\n\t\t\t<h3 class=\"elementor-heading-title elementor-size-default\">Fiche technique<\/h3>\t\t<\/div>\n\t\t\t\t<\/div>\n\t\t\t\t<div class=\"elementor-element elementor-element-7da7ddf elementor-widget elementor-widget-text-editor\" data-id=\"7da7ddf\" data-element_type=\"widget\" data-widget_type=\"text-editor.default\">\n\t\t\t\t<div class=\"elementor-widget-container\">\n\t\t\t\t\t\t\t<p><strong>R\u00e9gion :<\/strong> Languedoc-Roussillon<br \/><strong>Appellation :<\/strong> AOP Duch\u00e9 d&rsquo;Uz\u00e8s<br \/><strong>Couleur: <\/strong>Rouge<br \/><strong>C\u00e9pages : <\/strong>80% Syrah &#8211; 20% Grenache<\/p>\t\t\t\t\t\t<\/div>\n\t\t\t\t<\/div>\n\t\t\t\t<div class=\"elementor-element elementor-element-2f297df elementor-widget elementor-widget-heading\" data-id=\"2f297df\" data-element_type=\"widget\" data-widget_type=\"heading.default\">\n\t\t\t\t<div class=\"elementor-widget-container\">\n\t\t\t<h3 class=\"elementor-heading-title elementor-size-default\">Vinification<\/h3>\t\t<\/div>\n\t\t\t\t<\/div>\n\t\t\t\t<div class=\"elementor-element elementor-element-183aafd elementor-widget elementor-widget-text-editor\" data-id=\"183aafd\" data-element_type=\"widget\" data-widget_type=\"text-editor.default\">\n\t\t\t\t<div class=\"elementor-widget-container\">\n\t\t\t\t\t\t\t<p><strong>C\u00e9pages :<\/strong> 80% Syrah, 20% Grenache noir<\/p><p><strong>Elaboration : <\/strong>Vin certifi\u00e9 Agriculture Biologique.\u00c9grappage total, vinification traditionnelle. \u00c9levage 24 mois en f\u00fbts de ch\u00eane neufs, vari\u00e9t\u00e9s Fran\u00e7aises.<\/p><p><strong>\u0152il :<\/strong> <span style=\"color: var(--vamtam-primary-font-color);\">Robe soutenue, profonde.<\/span><\/p><p><strong><span style=\"color: var(--vamtam-primary-font-color);\">Nez : <\/span><\/strong><span style=\"color: var(--vamtam-primary-font-color);\">D\u00e9licat, fruit\u00e9, ar\u00f4mes de vanille, toast\u00e9, \u00e9pices douces.<\/span><\/p><p><strong><span style=\"color: var(--vamtam-primary-font-color);\">Bouche : <\/span><\/strong><span style=\"color: var(--vamtam-primary-font-color);\">Complexe, tanins soyeux, belle longueur.<br \/>Viandes rouges en sauce, Gibiers, Fromages.<\/span><\/p><p><span style=\"color: var(--vamtam-primary-font-color);\"><strong>Accords mets &amp; vin:<\/strong><\/span>Ce vin s\u2019accorde parfaitement avec des viandes rouges en sauce, avec du gibier ou une po\u00eal\u00e9e de champignons. Fromages persill\u00e9s.<\/p><p><span style=\"color: var(--vamtam-primary-font-color);\"><strong>Temp\u00e9rature de service :<\/strong> <\/span><span style=\"color: var(--vamtam-primary-font-color);\">15\u00b0-18\u00b0<br \/><\/span><strong><span style=\"color: var(--vamtam-primary-font-color);\">Potentiel de garde : <\/span><\/strong>Sup\u00e9rieur \u00e0 10ans.<\/p>\t\t\t\t\t\t<\/div>\n\t\t\t\t<\/div>\n\t\t\t\t<div class=\"elementor-element elementor-element-37baffc elementor-widget elementor-widget-heading\" data-id=\"37baffc\" data-element_type=\"widget\" data-widget_type=\"heading.default\">\n\t\t\t\t<div class=\"elementor-widget-container\">\n\t\t\t<h3 class=\"elementor-heading-title elementor-size-default\">Awards<\/h3>\t\t<\/div>\n\t\t\t\t<\/div>\n\t\t\t\t<section class=\"elementor-section elementor-inner-section elementor-element elementor-element-42d6736 elementor-section-boxed elementor-section-height-default elementor-section-height-default\" data-id=\"42d6736\" data-element_type=\"section\">\n\t\t\t\t\t\t<div class=\"elementor-container elementor-column-gap-default\">\n\t\t\t\t\t<div class=\"elementor-column elementor-col-100 elementor-inner-column elementor-element elementor-element-bcaa846\" data-id=\"bcaa846\" data-element_type=\"column\">\n\t\t\t<div class=\"elementor-widget-wrap elementor-element-populated\">\n\t\t\t\t\t\t<div class=\"elementor-element elementor-element-cf9632f elementor-widget elementor-widget-text-editor\" data-id=\"cf9632f\" data-element_type=\"widget\" data-widget_type=\"text-editor.default\">\n\t\t\t\t<div class=\"elementor-widget-container\">\n\t\t\t\t\t\t\t<ul><li>M\u00e9daille d&rsquo;Or Concours des Grands Vins de France 2021 (Mill\u00e9sime 2018)<\/li><\/ul><p>\u00a0<\/p>\t\t\t\t\t\t<\/div>\n\t\t\t\t<\/div>\n\t\t\t\t\t<\/div>\n\t\t<\/div>\n\t\t\t\t\t<\/div>\n\t\t<\/section>\n\t\t\t\t<section class=\"elementor-section elementor-inner-section elementor-element elementor-element-46bdb04 elementor-section-boxed elementor-section-height-default elementor-section-height-default\" data-id=\"46bdb04\" data-element_type=\"section\">\n\t\t\t\t\t\t<div class=\"elementor-container elementor-column-gap-default\">\n\t\t\t\t\t<div class=\"elementor-column elementor-col-100 elementor-inner-column elementor-element elementor-element-9baed9e\" data-id=\"9baed9e\" data-element_type=\"column\">\n\t\t\t<div class=\"elementor-widget-wrap\">\n\t\t\t\t\t\t\t<\/div>\n\t\t<\/div>\n\t\t\t\t\t<\/div>\n\t\t<\/section>\n\t\t\t\t\t<\/div>\n\t\t<\/div>\n\t\t\t\t\t<\/div>\n\t\t<\/section>\n\t\t\t\t<\/div>","protected":false},"excerpt":{"rendered":"<p>Fiche technique R\u00e9gion : Languedoc-RoussillonAppellation : AOP Duch\u00e9 d&rsquo;Uz\u00e8sCouleur: RougeC\u00e9pages : 80% Syrah &#8211; 20% Grenache Vinification C\u00e9pages : 80% Syrah, 20% Grenache noir Elaboration : Vin certifi\u00e9 Agriculture Biologique.\u00c9grappage total, vinification traditionnelle. \u00c9levage 24 mois en f\u00fbts de ch\u00eane neufs, vari\u00e9t\u00e9s Fran\u00e7aises. \u0152il : Robe soutenue, profonde. Nez : D\u00e9licat, fruit\u00e9, ar\u00f4mes de vanille,&#8230;<\/p>","protected":false},"featured_media":988175,"template":"","meta":[],"product_cat":[25],"product_tag":[47],"class_list":{"0":"post-988145","1":"product","2":"type-product","3":"status-publish","4":"has-post-thumbnail","6":"product_cat-vins-rouges","7":"product_tag-47","9":"first","10":"instock","11":"shipping-taxable","12":"product-type-simple"},"yoast_head":"<!-- This site is optimized with the Yoast SEO plugin v22.3 - https:\/\/yoast.com\/wordpress\/plugins\/seo\/ -->\n<title>AOP Duch\u00e9 d\u2019Uz\u00e8s : Cuv\u00e9e 24 - Agriculture Biologique - La Tour de Gatigne<\/title>\n<meta name=\"description\" content=\"Fiche technique R\u00e9gion : Languedoc-RoussillonAppellation : AOP Duch\u00e9 d&#039;Uz\u00e8sCouleur: RougeC\u00e9pages : 80% Syrah - 20% Grenache Vinification C\u00e9pages : 80%\" \/>\n<meta name=\"robots\" content=\"index, follow, max-snippet:-1, max-image-preview:large, max-video-preview:-1\" \/>\n<link rel=\"canonical\" href=\"https:\/\/domainedelatour.org\/en\/nos-vins\/2018-aop-duche-duzes-cuvee-24\/\" \/>\n<meta property=\"og:locale\" content=\"en_GB\" \/>\n<meta property=\"og:type\" content=\"article\" \/>\n<meta property=\"og:title\" content=\"AOP Duch\u00e9 d\u2019Uz\u00e8s : Cuv\u00e9e 24 - Agriculture Biologique - La Tour de Gatigne\" \/>\n<meta property=\"og:description\" content=\"Fiche technique R\u00e9gion : Languedoc-RoussillonAppellation : AOP Duch\u00e9 d&#039;Uz\u00e8sCouleur: RougeC\u00e9pages : 80% Syrah - 20% Grenache Vinification C\u00e9pages : 80%\" \/>\n<meta property=\"og:url\" content=\"https:\/\/domainedelatour.org\/en\/nos-vins\/2018-aop-duche-duzes-cuvee-24\/\" \/>\n<meta property=\"og:site_name\" content=\"La Tour de Gatigne\" \/>\n<meta property=\"article:modified_time\" content=\"2023-03-23T09:40:57+00:00\" \/>\n<meta property=\"og:image\" content=\"https:\/\/domainedelatour.org\/wp-content\/uploads\/2022\/01\/duche-d-uzes.png\" \/>\n\t<meta property=\"og:image:width\" content=\"300\" \/>\n\t<meta property=\"og:image:height\" content=\"600\" \/>\n\t<meta property=\"og:image:type\" content=\"image\/png\" \/>\n<meta name=\"twitter:card\" content=\"summary_large_image\" \/>\n<script type=\"application\/ld+json\" class=\"yoast-schema-graph\">{\"@context\":\"https:\/\/schema.org\",\"@graph\":[{\"@type\":\"WebPage\",\"@id\":\"https:\/\/domainedelatour.org\/nos-vins\/2018-aop-duche-duzes-cuvee-24\/\",\"url\":\"https:\/\/domainedelatour.org\/nos-vins\/2018-aop-duche-duzes-cuvee-24\/\",\"name\":\"AOP Duch\u00e9 d\u2019Uz\u00e8s : Cuv\u00e9e 24 - Agriculture Biologique - La Tour de Gatigne\",\"isPartOf\":{\"@id\":\"https:\/\/domainedelatour.org\/#website\"},\"primaryImageOfPage\":{\"@id\":\"https:\/\/domainedelatour.org\/nos-vins\/2018-aop-duche-duzes-cuvee-24\/#primaryimage\"},\"image\":{\"@id\":\"https:\/\/domainedelatour.org\/nos-vins\/2018-aop-duche-duzes-cuvee-24\/#primaryimage\"},\"thumbnailUrl\":\"https:\/\/domainedelatour.org\/wp-content\/uploads\/2022\/01\/duche-d-uzes.png\",\"datePublished\":\"2022-01-18T19:44:03+00:00\",\"dateModified\":\"2023-03-23T09:40:57+00:00\",\"description\":\"Fiche technique R\u00e9gion : Languedoc-RoussillonAppellation : AOP Duch\u00e9 d'Uz\u00e8sCouleur: RougeC\u00e9pages : 80% Syrah - 20% Grenache Vinification C\u00e9pages : 80%\",\"breadcrumb\":{\"@id\":\"https:\/\/domainedelatour.org\/nos-vins\/2018-aop-duche-duzes-cuvee-24\/#breadcrumb\"},\"inLanguage\":\"en-GB\",\"potentialAction\":[{\"@type\":\"ReadAction\",\"target\":[\"https:\/\/domainedelatour.org\/nos-vins\/2018-aop-duche-duzes-cuvee-24\/\"]}]},{\"@type\":\"ImageObject\",\"inLanguage\":\"en-GB\",\"@id\":\"https:\/\/domainedelatour.org\/nos-vins\/2018-aop-duche-duzes-cuvee-24\/#primaryimage\",\"url\":\"https:\/\/domainedelatour.org\/wp-content\/uploads\/2022\/01\/duche-d-uzes.png\",\"contentUrl\":\"https:\/\/domainedelatour.org\/wp-content\/uploads\/2022\/01\/duche-d-uzes.png\",\"width\":300,\"height\":600},{\"@type\":\"BreadcrumbList\",\"@id\":\"https:\/\/domainedelatour.org\/nos-vins\/2018-aop-duche-duzes-cuvee-24\/#breadcrumb\",\"itemListElement\":[{\"@type\":\"ListItem\",\"position\":1,\"name\":\"Home\",\"item\":\"https:\/\/domainedelatour.org\/\"},{\"@type\":\"ListItem\",\"position\":2,\"name\":\"Produits\",\"item\":\"https:\/\/domainedelatour.org\/?post_type=product\"},{\"@type\":\"ListItem\",\"position\":3,\"name\":\"AOP Duch\u00e9 d\u2019Uz\u00e8s : Cuv\u00e9e 24 &#8211; Agriculture Biologique\"}]},{\"@type\":\"WebSite\",\"@id\":\"https:\/\/domainedelatour.org\/#website\",\"url\":\"https:\/\/domainedelatour.org\/\",\"name\":\"La Tour de Gatigne\",\"description\":\"Vignoble \u00e0 Saint-Chaptes\",\"publisher\":{\"@id\":\"https:\/\/domainedelatour.org\/#organization\"},\"potentialAction\":[{\"@type\":\"SearchAction\",\"target\":{\"@type\":\"EntryPoint\",\"urlTemplate\":\"https:\/\/domainedelatour.org\/?s={search_term_string}\"},\"query-input\":\"required name=search_term_string\"}],\"inLanguage\":\"en-GB\"},{\"@type\":\"Organization\",\"@id\":\"https:\/\/domainedelatour.org\/#organization\",\"name\":\"Domaine de La Tour de G\u00e2tigne\",\"url\":\"https:\/\/domainedelatour.org\/\",\"logo\":{\"@type\":\"ImageObject\",\"inLanguage\":\"en-GB\",\"@id\":\"https:\/\/domainedelatour.org\/#\/schema\/logo\/image\/\",\"url\":\"https:\/\/domainedelatour.org\/wp-content\/uploads\/2022\/01\/LOGO.jpg\",\"contentUrl\":\"https:\/\/domainedelatour.org\/wp-content\/uploads\/2022\/01\/LOGO.jpg\",\"width\":945,\"height\":945,\"caption\":\"Domaine de La Tour de G\u00e2tigne\"},\"image\":{\"@id\":\"https:\/\/domainedelatour.org\/#\/schema\/logo\/image\/\"}}]}<\/script>\n<!-- \/ Yoast SEO plugin. -->","yoast_head_json":{"title":"AOP Duch\u00e9 d\u2019Uz\u00e8s : Cuv\u00e9e 24 - Agriculture Biologique - La Tour de Gatigne","description":"Fiche technique R\u00e9gion : Languedoc-RoussillonAppellation : AOP Duch\u00e9 d'Uz\u00e8sCouleur: RougeC\u00e9pages : 80% Syrah - 20% Grenache Vinification C\u00e9pages : 80%","robots":{"index":"index","follow":"follow","max-snippet":"max-snippet:-1","max-image-preview":"max-image-preview:large","max-video-preview":"max-video-preview:-1"},"canonical":"https:\/\/domainedelatour.org\/en\/nos-vins\/2018-aop-duche-duzes-cuvee-24\/","og_locale":"en_GB","og_type":"article","og_title":"AOP Duch\u00e9 d\u2019Uz\u00e8s : Cuv\u00e9e 24 - Agriculture Biologique - La Tour de Gatigne","og_description":"Fiche technique R\u00e9gion : Languedoc-RoussillonAppellation : AOP Duch\u00e9 d'Uz\u00e8sCouleur: RougeC\u00e9pages : 80% Syrah - 20% Grenache Vinification C\u00e9pages : 80%","og_url":"https:\/\/domainedelatour.org\/en\/nos-vins\/2018-aop-duche-duzes-cuvee-24\/","og_site_name":"La Tour de Gatigne","article_modified_time":"2023-03-23T09:40:57+00:00","og_image":[{"width":300,"height":600,"url":"https:\/\/domainedelatour.org\/wp-content\/uploads\/2022\/01\/duche-d-uzes.png","type":"image\/png"}],"twitter_card":"summary_large_image","schema":{"@context":"https:\/\/schema.org","@graph":[{"@type":"WebPage","@id":"https:\/\/domainedelatour.org\/nos-vins\/2018-aop-duche-duzes-cuvee-24\/","url":"https:\/\/domainedelatour.org\/nos-vins\/2018-aop-duche-duzes-cuvee-24\/","name":"AOP Duch\u00e9 d\u2019Uz\u00e8s : Cuv\u00e9e 24 - Agriculture Biologique - La Tour de Gatigne","isPartOf":{"@id":"https:\/\/domainedelatour.org\/#website"},"primaryImageOfPage":{"@id":"https:\/\/domainedelatour.org\/nos-vins\/2018-aop-duche-duzes-cuvee-24\/#primaryimage"},"image":{"@id":"https:\/\/domainedelatour.org\/nos-vins\/2018-aop-duche-duzes-cuvee-24\/#primaryimage"},"thumbnailUrl":"https:\/\/domainedelatour.org\/wp-content\/uploads\/2022\/01\/duche-d-uzes.png","datePublished":"2022-01-18T19:44:03+00:00","dateModified":"2023-03-23T09:40:57+00:00","description":"Fiche technique R\u00e9gion : Languedoc-RoussillonAppellation : AOP Duch\u00e9 d'Uz\u00e8sCouleur: RougeC\u00e9pages : 80% Syrah - 20% Grenache Vinification C\u00e9pages : 80%","breadcrumb":{"@id":"https:\/\/domainedelatour.org\/nos-vins\/2018-aop-duche-duzes-cuvee-24\/#breadcrumb"},"inLanguage":"en-GB","potentialAction":[{"@type":"ReadAction","target":["https:\/\/domainedelatour.org\/nos-vins\/2018-aop-duche-duzes-cuvee-24\/"]}]},{"@type":"ImageObject","inLanguage":"en-GB","@id":"https:\/\/domainedelatour.org\/nos-vins\/2018-aop-duche-duzes-cuvee-24\/#primaryimage","url":"https:\/\/domainedelatour.org\/wp-content\/uploads\/2022\/01\/duche-d-uzes.png","contentUrl":"https:\/\/domainedelatour.org\/wp-content\/uploads\/2022\/01\/duche-d-uzes.png","width":300,"height":600},{"@type":"BreadcrumbList","@id":"https:\/\/domainedelatour.org\/nos-vins\/2018-aop-duche-duzes-cuvee-24\/#breadcrumb","itemListElement":[{"@type":"ListItem","position":1,"name":"Home","item":"https:\/\/domainedelatour.org\/"},{"@type":"ListItem","position":2,"name":"Produits","item":"https:\/\/domainedelatour.org\/?post_type=product"},{"@type":"ListItem","position":3,"name":"AOP Duch\u00e9 d\u2019Uz\u00e8s : Cuv\u00e9e 24 &#8211; Agriculture Biologique"}]},{"@type":"WebSite","@id":"https:\/\/domainedelatour.org\/#website","url":"https:\/\/domainedelatour.org\/","name":"La Tour de Gatigne","description":"Vignoble \u00e0 Saint-Chaptes","publisher":{"@id":"https:\/\/domainedelatour.org\/#organization"},"potentialAction":[{"@type":"SearchAction","target":{"@type":"EntryPoint","urlTemplate":"https:\/\/domainedelatour.org\/?s={search_term_string}"},"query-input":"required name=search_term_string"}],"inLanguage":"en-GB"},{"@type":"Organization","@id":"https:\/\/domainedelatour.org\/#organization","name":"Domaine de La Tour de G\u00e2tigne","url":"https:\/\/domainedelatour.org\/","logo":{"@type":"ImageObject","inLanguage":"en-GB","@id":"https:\/\/domainedelatour.org\/#\/schema\/logo\/image\/","url":"https:\/\/domainedelatour.org\/wp-content\/uploads\/2022\/01\/LOGO.jpg","contentUrl":"https:\/\/domainedelatour.org\/wp-content\/uploads\/2022\/01\/LOGO.jpg","width":945,"height":945,"caption":"Domaine de La Tour de G\u00e2tigne"},"image":{"@id":"https:\/\/domainedelatour.org\/#\/schema\/logo\/image\/"}}]}},"_links":{"self":[{"href":"https:\/\/domainedelatour.org\/en\/wp-json\/wp\/v2\/product\/988145","targetHints":{"allow":["GET"]}}],"collection":[{"href":"https:\/\/domainedelatour.org\/en\/wp-json\/wp\/v2\/product"}],"about":[{"href":"https:\/\/domainedelatour.org\/en\/wp-json\/wp\/v2\/types\/product"}],"version-history":[{"count":28,"href":"https:\/\/domainedelatour.org\/en\/wp-json\/wp\/v2\/product\/988145\/revisions"}],"predecessor-version":[{"id":988731,"href":"https:\/\/domainedelatour.org\/en\/wp-json\/wp\/v2\/product\/988145\/revisions\/988731"}],"wp:featuredmedia":[{"embeddable":true,"href":"https:\/\/domainedelatour.org\/en\/wp-json\/wp\/v2\/media\/988175"}],"wp:attachment":[{"href":"https:\/\/domainedelatour.org\/en\/wp-json\/wp\/v2\/media?parent=988145"}],"wp:term":[{"taxonomy":"product_cat","embeddable":true,"href":"https:\/\/domainedelatour.org\/en\/wp-json\/wp\/v2\/product_cat?post=988145"},{"taxonomy":"product_tag","embeddable":true,"href":"https:\/\/domainedelatour.org\/en\/wp-json\/wp\/v2\/product_tag?post=988145"}],"curies":[{"name":"wp","href":"https:\/\/api.w.org\/{rel}","templated":true}]}}