{"id":988195,"date":"2022-01-18T20:37:25","date_gmt":"2022-01-18T20:37:25","guid":{"rendered":"https:\/\/domainedelatour.org\/?post_type=product&#038;p=988195"},"modified":"2022-02-17T12:50:12","modified_gmt":"2022-02-17T12:50:12","slug":"2020-muscat-moelleux-agriculture-biologique","status":"publish","type":"product","link":"https:\/\/domainedelatour.org\/en\/nos-vins\/2020-muscat-moelleux-agriculture-biologique\/","title":{"rendered":"Muscat Moelleux \u2013 Agriculture Biologique"},"content":{"rendered":"<div data-elementor-type=\"product-post\" data-elementor-id=\"988195\" class=\"elementor elementor-988195\" data-elementor-post-type=\"product\">\n\t\t\t\t\t\t<section class=\"elementor-section elementor-top-section elementor-element elementor-element-7bf615c elementor-section-boxed elementor-section-height-default elementor-section-height-default\" data-id=\"7bf615c\" data-element_type=\"section\">\n\t\t\t\t\t\t<div class=\"elementor-container elementor-column-gap-default\">\n\t\t\t\t\t<div class=\"elementor-column elementor-col-100 elementor-top-column elementor-element elementor-element-ad3121e\" data-id=\"ad3121e\" data-element_type=\"column\">\n\t\t\t<div class=\"elementor-widget-wrap elementor-element-populated\">\n\t\t\t\t\t\t<div class=\"elementor-element elementor-element-8ccde06 elementor-widget elementor-widget-heading\" data-id=\"8ccde06\" data-element_type=\"widget\" data-widget_type=\"heading.default\">\n\t\t\t\t<div class=\"elementor-widget-container\">\n\t\t\t<h3 class=\"elementor-heading-title elementor-size-default\">Fiche technique<\/h3>\t\t<\/div>\n\t\t\t\t<\/div>\n\t\t\t\t<div class=\"elementor-element elementor-element-7da7ddf elementor-widget elementor-widget-text-editor\" data-id=\"7da7ddf\" data-element_type=\"widget\" data-widget_type=\"text-editor.default\">\n\t\t\t\t<div class=\"elementor-widget-container\">\n\t\t\t\t\t\t\t<p><strong>R\u00e9gion :<\/strong> Languedoc-Roussillon<br \/><strong>Appelation :<\/strong> Vin de France<br \/><strong>Couleur<\/strong> Blanc<br \/><strong>C\u00e9pages : <\/strong>100% Muscat Petit grain<br \/><br \/><\/p>\t\t\t\t\t\t<\/div>\n\t\t\t\t<\/div>\n\t\t\t\t<div class=\"elementor-element elementor-element-2f297df elementor-widget elementor-widget-heading\" data-id=\"2f297df\" data-element_type=\"widget\" data-widget_type=\"heading.default\">\n\t\t\t\t<div class=\"elementor-widget-container\">\n\t\t\t<h3 class=\"elementor-heading-title elementor-size-default\">Vinification<\/h3>\t\t<\/div>\n\t\t\t\t<\/div>\n\t\t\t\t<div class=\"elementor-element elementor-element-183aafd elementor-widget elementor-widget-text-editor\" data-id=\"183aafd\" data-element_type=\"widget\" data-widget_type=\"text-editor.default\">\n\t\t\t\t<div class=\"elementor-widget-container\">\n\t\t\t\t\t\t\t<p><strong>\u00c9laboration :<\/strong> Vin certifi\u00e9 Agriculture biologique.\u00a0 Vendanges m\u00e9caniques de raisins ramass\u00e9s en sur maturit\u00e9. Fermentation thermos-r\u00e9gul\u00e9e.Vinification traditionnelle, \u00e9levage en cuve.<\/p><p><strong>\u0152il :<\/strong> <span style=\"color: var(--vamtam-primary-font-color)\">Teinte vive avec des reflets l\u00e9g\u00e8rement dor\u00e9s.<\/span><\/p><p><span style=\"color: var(--vamtam-primary-font-color)\"><strong>Nez :<\/strong> Intense, avec une dominante tr\u00e8s a\u00e9rienne d\u2019eucalyptus, de cade et une touche balsamique.<\/span><\/p><p><strong><span style=\"color: var(--vamtam-primary-font-color)\">Bouche : <\/span><\/strong><span style=\"color: var(--vamtam-primary-font-color)\">Douceur et onctuosit\u00e9, agr\u00e9ment\u00e9e d\u2019un \u00e9quilibre acide qui conf\u00e8re \u00e0 ce vin une belle fra\u00eecheur en finale.<\/span><\/p><p><span style=\"color: var(--vamtam-primary-font-color)\"><strong>Accords mets &amp; vin : <\/strong>Ce vin s&rsquo;accorde parfaitement en ap\u00e9ritif avec du foie gras et accompagnera \u00e0 merveille un <\/span><span style=\"color: var(--vamtam-primary-font-color)\">magret de canard ou un dessert.<\/span><\/p><p><span style=\"color: var(--vamtam-primary-font-color)\"><strong>Temp\u00e9rature de service :<\/strong> 7<\/span><span style=\"color: var(--vamtam-primary-font-color)\">\u00b0 \u2013 10\u00b0<\/span><\/p><p><strong><span style=\"color: var(--vamtam-primary-font-color)\">Potentiel de garde : <\/span><\/strong>4 ans<\/p>\t\t\t\t\t\t<\/div>\n\t\t\t\t<\/div>\n\t\t\t\t<div class=\"elementor-element elementor-element-37baffc elementor-widget elementor-widget-heading\" data-id=\"37baffc\" data-element_type=\"widget\" data-widget_type=\"heading.default\">\n\t\t\t\t<div class=\"elementor-widget-container\">\n\t\t\t<h3 class=\"elementor-heading-title elementor-size-default\">Awards<\/h3>\t\t<\/div>\n\t\t\t\t<\/div>\n\t\t\t\t<section class=\"elementor-section elementor-inner-section elementor-element elementor-element-42d6736 elementor-section-boxed elementor-section-height-default elementor-section-height-default\" data-id=\"42d6736\" data-element_type=\"section\">\n\t\t\t\t\t\t<div class=\"elementor-container elementor-column-gap-default\">\n\t\t\t\t\t<div class=\"elementor-column elementor-col-100 elementor-inner-column elementor-element elementor-element-bcaa846\" data-id=\"bcaa846\" data-element_type=\"column\">\n\t\t\t<div class=\"elementor-widget-wrap elementor-element-populated\">\n\t\t\t\t\t\t<div class=\"elementor-element elementor-element-cf9632f elementor-widget elementor-widget-text-editor\" data-id=\"cf9632f\" data-element_type=\"widget\" data-widget_type=\"text-editor.default\">\n\t\t\t\t<div class=\"elementor-widget-container\">\n\t\t\t\t\t\t\t\t\t\t\t\t\t<\/div>\n\t\t\t\t<\/div>\n\t\t\t\t\t<\/div>\n\t\t<\/div>\n\t\t\t\t\t<\/div>\n\t\t<\/section>\n\t\t\t\t<section class=\"elementor-section elementor-inner-section elementor-element elementor-element-46bdb04 elementor-section-boxed elementor-section-height-default elementor-section-height-default\" data-id=\"46bdb04\" data-element_type=\"section\">\n\t\t\t\t\t\t<div class=\"elementor-container elementor-column-gap-default\">\n\t\t\t\t\t<div class=\"elementor-column elementor-col-100 elementor-inner-column elementor-element elementor-element-9baed9e\" data-id=\"9baed9e\" data-element_type=\"column\">\n\t\t\t<div class=\"elementor-widget-wrap\">\n\t\t\t\t\t\t\t<\/div>\n\t\t<\/div>\n\t\t\t\t\t<\/div>\n\t\t<\/section>\n\t\t\t\t\t<\/div>\n\t\t<\/div>\n\t\t\t\t\t<\/div>\n\t\t<\/section>\n\t\t\t\t<\/div>","protected":false},"excerpt":{"rendered":"<p>Fiche technique R\u00e9gion : Languedoc-RoussillonAppelation : Vin de FranceCouleur BlancC\u00e9pages : 100% Muscat Petit grain Vinification \u00c9laboration : Vin certifi\u00e9 Agriculture biologique.\u00a0 Vendanges m\u00e9caniques de raisins ramass\u00e9s en sur maturit\u00e9. Fermentation thermos-r\u00e9gul\u00e9e.Vinification traditionnelle, \u00e9levage en cuve. \u0152il : Teinte vive avec des reflets l\u00e9g\u00e8rement dor\u00e9s. Nez : Intense, avec une dominante tr\u00e8s a\u00e9rienne d\u2019eucalyptus, de&#8230;<\/p>","protected":false},"featured_media":988189,"template":"","meta":[],"product_cat":[23],"product_tag":[47],"class_list":{"0":"post-988195","1":"product","2":"type-product","3":"status-publish","4":"has-post-thumbnail","6":"product_cat-vins-blancs","7":"product_tag-47","9":"first","10":"instock","11":"shipping-taxable","12":"product-type-simple"},"yoast_head":"<!-- This site is optimized with the Yoast SEO plugin v22.3 - https:\/\/yoast.com\/wordpress\/plugins\/seo\/ -->\n<title>Muscat Moelleux \u2013 Agriculture Biologique - La Tour de Gatigne<\/title>\n<meta name=\"description\" content=\"Fiche technique R\u00e9gion : Languedoc-RoussillonAppelation : Vin de FranceCouleur BlancC\u00e9pages : 100% Muscat Petit grain Vinification \u00c9laboration : Vin\" \/>\n<meta name=\"robots\" content=\"index, follow, max-snippet:-1, max-image-preview:large, max-video-preview:-1\" \/>\n<link rel=\"canonical\" href=\"https:\/\/domainedelatour.org\/en\/nos-vins\/2020-muscat-moelleux-agriculture-biologique\/\" \/>\n<meta property=\"og:locale\" content=\"en_GB\" \/>\n<meta property=\"og:type\" content=\"article\" \/>\n<meta property=\"og:title\" content=\"Muscat Moelleux \u2013 Agriculture Biologique - La Tour de Gatigne\" \/>\n<meta property=\"og:description\" content=\"Fiche technique R\u00e9gion : Languedoc-RoussillonAppelation : Vin de FranceCouleur BlancC\u00e9pages : 100% Muscat Petit grain Vinification \u00c9laboration : Vin\" \/>\n<meta property=\"og:url\" content=\"https:\/\/domainedelatour.org\/en\/nos-vins\/2020-muscat-moelleux-agriculture-biologique\/\" \/>\n<meta property=\"og:site_name\" content=\"La Tour de Gatigne\" \/>\n<meta property=\"article:modified_time\" content=\"2022-02-17T12:50:12+00:00\" \/>\n<meta property=\"og:image\" content=\"https:\/\/domainedelatour.org\/wp-content\/uploads\/2022\/01\/muscat-moelleux.png\" \/>\n\t<meta property=\"og:image:width\" content=\"300\" \/>\n\t<meta property=\"og:image:height\" content=\"600\" \/>\n\t<meta property=\"og:image:type\" content=\"image\/png\" \/>\n<meta name=\"twitter:card\" content=\"summary_large_image\" \/>\n<script type=\"application\/ld+json\" class=\"yoast-schema-graph\">{\"@context\":\"https:\/\/schema.org\",\"@graph\":[{\"@type\":\"WebPage\",\"@id\":\"https:\/\/domainedelatour.org\/nos-vins\/2020-muscat-moelleux-agriculture-biologique\/\",\"url\":\"https:\/\/domainedelatour.org\/nos-vins\/2020-muscat-moelleux-agriculture-biologique\/\",\"name\":\"Muscat Moelleux \u2013 Agriculture Biologique - La Tour de Gatigne\",\"isPartOf\":{\"@id\":\"https:\/\/domainedelatour.org\/#website\"},\"primaryImageOfPage\":{\"@id\":\"https:\/\/domainedelatour.org\/nos-vins\/2020-muscat-moelleux-agriculture-biologique\/#primaryimage\"},\"image\":{\"@id\":\"https:\/\/domainedelatour.org\/nos-vins\/2020-muscat-moelleux-agriculture-biologique\/#primaryimage\"},\"thumbnailUrl\":\"https:\/\/domainedelatour.org\/wp-content\/uploads\/2022\/01\/muscat-moelleux.png\",\"datePublished\":\"2022-01-18T20:37:25+00:00\",\"dateModified\":\"2022-02-17T12:50:12+00:00\",\"description\":\"Fiche technique R\u00e9gion : Languedoc-RoussillonAppelation : Vin de FranceCouleur BlancC\u00e9pages : 100% Muscat Petit grain Vinification \u00c9laboration : Vin\",\"breadcrumb\":{\"@id\":\"https:\/\/domainedelatour.org\/nos-vins\/2020-muscat-moelleux-agriculture-biologique\/#breadcrumb\"},\"inLanguage\":\"en-GB\",\"potentialAction\":[{\"@type\":\"ReadAction\",\"target\":[\"https:\/\/domainedelatour.org\/nos-vins\/2020-muscat-moelleux-agriculture-biologique\/\"]}]},{\"@type\":\"ImageObject\",\"inLanguage\":\"en-GB\",\"@id\":\"https:\/\/domainedelatour.org\/nos-vins\/2020-muscat-moelleux-agriculture-biologique\/#primaryimage\",\"url\":\"https:\/\/domainedelatour.org\/wp-content\/uploads\/2022\/01\/muscat-moelleux.png\",\"contentUrl\":\"https:\/\/domainedelatour.org\/wp-content\/uploads\/2022\/01\/muscat-moelleux.png\",\"width\":300,\"height\":600},{\"@type\":\"BreadcrumbList\",\"@id\":\"https:\/\/domainedelatour.org\/nos-vins\/2020-muscat-moelleux-agriculture-biologique\/#breadcrumb\",\"itemListElement\":[{\"@type\":\"ListItem\",\"position\":1,\"name\":\"Home\",\"item\":\"https:\/\/domainedelatour.org\/\"},{\"@type\":\"ListItem\",\"position\":2,\"name\":\"Produits\",\"item\":\"https:\/\/domainedelatour.org\/?post_type=product\"},{\"@type\":\"ListItem\",\"position\":3,\"name\":\"Muscat Moelleux \u2013 Agriculture Biologique\"}]},{\"@type\":\"WebSite\",\"@id\":\"https:\/\/domainedelatour.org\/#website\",\"url\":\"https:\/\/domainedelatour.org\/\",\"name\":\"La Tour de Gatigne\",\"description\":\"Vignoble \u00e0 Saint-Chaptes\",\"publisher\":{\"@id\":\"https:\/\/domainedelatour.org\/#organization\"},\"potentialAction\":[{\"@type\":\"SearchAction\",\"target\":{\"@type\":\"EntryPoint\",\"urlTemplate\":\"https:\/\/domainedelatour.org\/?s={search_term_string}\"},\"query-input\":\"required name=search_term_string\"}],\"inLanguage\":\"en-GB\"},{\"@type\":\"Organization\",\"@id\":\"https:\/\/domainedelatour.org\/#organization\",\"name\":\"Domaine de La Tour de G\u00e2tigne\",\"url\":\"https:\/\/domainedelatour.org\/\",\"logo\":{\"@type\":\"ImageObject\",\"inLanguage\":\"en-GB\",\"@id\":\"https:\/\/domainedelatour.org\/#\/schema\/logo\/image\/\",\"url\":\"https:\/\/domainedelatour.org\/wp-content\/uploads\/2022\/01\/LOGO.jpg\",\"contentUrl\":\"https:\/\/domainedelatour.org\/wp-content\/uploads\/2022\/01\/LOGO.jpg\",\"width\":945,\"height\":945,\"caption\":\"Domaine de La Tour de G\u00e2tigne\"},\"image\":{\"@id\":\"https:\/\/domainedelatour.org\/#\/schema\/logo\/image\/\"}}]}<\/script>\n<!-- \/ Yoast SEO plugin. -->","yoast_head_json":{"title":"Muscat Moelleux \u2013 Agriculture Biologique - La Tour de Gatigne","description":"Fiche technique R\u00e9gion : Languedoc-RoussillonAppelation : Vin de FranceCouleur BlancC\u00e9pages : 100% Muscat Petit grain Vinification \u00c9laboration : Vin","robots":{"index":"index","follow":"follow","max-snippet":"max-snippet:-1","max-image-preview":"max-image-preview:large","max-video-preview":"max-video-preview:-1"},"canonical":"https:\/\/domainedelatour.org\/en\/nos-vins\/2020-muscat-moelleux-agriculture-biologique\/","og_locale":"en_GB","og_type":"article","og_title":"Muscat Moelleux \u2013 Agriculture Biologique - La Tour de Gatigne","og_description":"Fiche technique R\u00e9gion : Languedoc-RoussillonAppelation : Vin de FranceCouleur BlancC\u00e9pages : 100% Muscat Petit grain Vinification \u00c9laboration : Vin","og_url":"https:\/\/domainedelatour.org\/en\/nos-vins\/2020-muscat-moelleux-agriculture-biologique\/","og_site_name":"La Tour de Gatigne","article_modified_time":"2022-02-17T12:50:12+00:00","og_image":[{"width":300,"height":600,"url":"https:\/\/domainedelatour.org\/wp-content\/uploads\/2022\/01\/muscat-moelleux.png","type":"image\/png"}],"twitter_card":"summary_large_image","schema":{"@context":"https:\/\/schema.org","@graph":[{"@type":"WebPage","@id":"https:\/\/domainedelatour.org\/nos-vins\/2020-muscat-moelleux-agriculture-biologique\/","url":"https:\/\/domainedelatour.org\/nos-vins\/2020-muscat-moelleux-agriculture-biologique\/","name":"Muscat Moelleux \u2013 Agriculture Biologique - La Tour de Gatigne","isPartOf":{"@id":"https:\/\/domainedelatour.org\/#website"},"primaryImageOfPage":{"@id":"https:\/\/domainedelatour.org\/nos-vins\/2020-muscat-moelleux-agriculture-biologique\/#primaryimage"},"image":{"@id":"https:\/\/domainedelatour.org\/nos-vins\/2020-muscat-moelleux-agriculture-biologique\/#primaryimage"},"thumbnailUrl":"https:\/\/domainedelatour.org\/wp-content\/uploads\/2022\/01\/muscat-moelleux.png","datePublished":"2022-01-18T20:37:25+00:00","dateModified":"2022-02-17T12:50:12+00:00","description":"Fiche technique R\u00e9gion : Languedoc-RoussillonAppelation : Vin de FranceCouleur BlancC\u00e9pages : 100% Muscat Petit grain Vinification \u00c9laboration : Vin","breadcrumb":{"@id":"https:\/\/domainedelatour.org\/nos-vins\/2020-muscat-moelleux-agriculture-biologique\/#breadcrumb"},"inLanguage":"en-GB","potentialAction":[{"@type":"ReadAction","target":["https:\/\/domainedelatour.org\/nos-vins\/2020-muscat-moelleux-agriculture-biologique\/"]}]},{"@type":"ImageObject","inLanguage":"en-GB","@id":"https:\/\/domainedelatour.org\/nos-vins\/2020-muscat-moelleux-agriculture-biologique\/#primaryimage","url":"https:\/\/domainedelatour.org\/wp-content\/uploads\/2022\/01\/muscat-moelleux.png","contentUrl":"https:\/\/domainedelatour.org\/wp-content\/uploads\/2022\/01\/muscat-moelleux.png","width":300,"height":600},{"@type":"BreadcrumbList","@id":"https:\/\/domainedelatour.org\/nos-vins\/2020-muscat-moelleux-agriculture-biologique\/#breadcrumb","itemListElement":[{"@type":"ListItem","position":1,"name":"Home","item":"https:\/\/domainedelatour.org\/"},{"@type":"ListItem","position":2,"name":"Produits","item":"https:\/\/domainedelatour.org\/?post_type=product"},{"@type":"ListItem","position":3,"name":"Muscat Moelleux \u2013 Agriculture Biologique"}]},{"@type":"WebSite","@id":"https:\/\/domainedelatour.org\/#website","url":"https:\/\/domainedelatour.org\/","name":"La Tour de Gatigne","description":"Vignoble \u00e0 Saint-Chaptes","publisher":{"@id":"https:\/\/domainedelatour.org\/#organization"},"potentialAction":[{"@type":"SearchAction","target":{"@type":"EntryPoint","urlTemplate":"https:\/\/domainedelatour.org\/?s={search_term_string}"},"query-input":"required name=search_term_string"}],"inLanguage":"en-GB"},{"@type":"Organization","@id":"https:\/\/domainedelatour.org\/#organization","name":"Domaine de La Tour de G\u00e2tigne","url":"https:\/\/domainedelatour.org\/","logo":{"@type":"ImageObject","inLanguage":"en-GB","@id":"https:\/\/domainedelatour.org\/#\/schema\/logo\/image\/","url":"https:\/\/domainedelatour.org\/wp-content\/uploads\/2022\/01\/LOGO.jpg","contentUrl":"https:\/\/domainedelatour.org\/wp-content\/uploads\/2022\/01\/LOGO.jpg","width":945,"height":945,"caption":"Domaine de La Tour de G\u00e2tigne"},"image":{"@id":"https:\/\/domainedelatour.org\/#\/schema\/logo\/image\/"}}]}},"_links":{"self":[{"href":"https:\/\/domainedelatour.org\/en\/wp-json\/wp\/v2\/product\/988195","targetHints":{"allow":["GET"]}}],"collection":[{"href":"https:\/\/domainedelatour.org\/en\/wp-json\/wp\/v2\/product"}],"about":[{"href":"https:\/\/domainedelatour.org\/en\/wp-json\/wp\/v2\/types\/product"}],"version-history":[{"count":6,"href":"https:\/\/domainedelatour.org\/en\/wp-json\/wp\/v2\/product\/988195\/revisions"}],"predecessor-version":[{"id":988531,"href":"https:\/\/domainedelatour.org\/en\/wp-json\/wp\/v2\/product\/988195\/revisions\/988531"}],"wp:featuredmedia":[{"embeddable":true,"href":"https:\/\/domainedelatour.org\/en\/wp-json\/wp\/v2\/media\/988189"}],"wp:attachment":[{"href":"https:\/\/domainedelatour.org\/en\/wp-json\/wp\/v2\/media?parent=988195"}],"wp:term":[{"taxonomy":"product_cat","embeddable":true,"href":"https:\/\/domainedelatour.org\/en\/wp-json\/wp\/v2\/product_cat?post=988195"},{"taxonomy":"product_tag","embeddable":true,"href":"https:\/\/domainedelatour.org\/en\/wp-json\/wp\/v2\/product_tag?post=988195"}],"curies":[{"name":"wp","href":"https:\/\/api.w.org\/{rel}","templated":true}]}}